{"id":5355,"date":"2024-02-29T10:55:58","date_gmt":"2024-02-29T09:55:58","guid":{"rendered":"https:\/\/cafehawelka.server6.dev-web.at\/cafe\/regular-guests\/"},"modified":"2024-04-22T10:30:44","modified_gmt":"2024-04-22T08:30:44","slug":"regular-guests","status":"publish","type":"page","link":"https:\/\/hawelka.at\/en\/cafe\/regular-guests\/","title":{"rendered":"Regular guests"},"content":{"rendered":"\n\n\t<section class=\"section section-bottom-space\" id=\"section_2068937566\">\n\t\t<div class=\"section-bg fill\" >\n\t\t\t\t\t\t\t\t\t\n\t\t\t\n\n\t\t<\/div>\n\n\t\t\n\n\t\t<div class=\"section-content relative\">\n\t\t\t\n\n<div class=\"row row-collapse row-full-width\"  id=\"row-2017607294\">\n\n\n\t<div id=\"col-1280567757\" class=\"col small-12 large-12\"  >\n\t\t\t\t<div class=\"col-inner\"  >\n\t\t\t\n\t\t\t\n\n\n  <div class=\"banner has-hover\" id=\"banner-324233915\">\n          <div class=\"banner-inner fill\">\n        <div class=\"banner-bg fill\" >\n            <img loading=\"lazy\" decoding=\"async\" width=\"900\" height=\"600\" src=\"https:\/\/hawelka.at\/wp-content\/uploads\/2024\/03\/cafe-hawelka-bw.jpg\" class=\"bg attachment-original size-original\" alt=\"\" \/>                                    \n                    <\/div>\n\t\t\n        <div class=\"banner-layers container\">\n            <div class=\"fill banner-link\"><\/div>            \n\n   <div id=\"text-box-776319625\" class=\"text-box banner-layer x50 md-x50 lg-x50 y50 md-y50 lg-y50 res-text\">\n                                <div class=\"text-box-content text dark\">\n              \n              <div class=\"text-inner text-center\">\n                  \n\n<h1>Regular guests<\/h1>\n\n              <\/div>\n           <\/div>\n                            \n<style>\n#text-box-776319625 {\n  width: 80%;\n}\n#text-box-776319625 .text-box-content {\n  font-size: 100%;\n}\n@media (min-width:550px) {\n  #text-box-776319625 {\n    width: 60%;\n  }\n}\n<\/style>\n    <\/div>\n \n\n        <\/div>\n      <\/div>\n\n            \n<style>\n#banner-324233915 {\n  padding-top: 35vh;\n  background-color: rgb(255,255,255);\n}\n#banner-324233915 .banner-bg img {\n  object-position: 0% 64%;\n}\n@media (min-width:850px) {\n  #banner-324233915 {\n    padding-top: 50vh;\n  }\n}\n<\/style>\n  <\/div>\n\n\n\n\t\t<\/div>\n\t\t\t\t\t<\/div>\n\n\t\n\n<\/div>\n\n\t\t<\/div>\n\n\t\t\n<style>\n#section_2068937566 {\n  padding-top: 0px;\n  padding-bottom: 0px;\n}\n<\/style>\n\t<\/section>\n\t\n\n\t<section class=\"section section-bottom-space\" id=\"section_1022950125\">\n\t\t<div class=\"section-bg fill\" >\n\t\t\t\t\t\t\t\t\t\n\t\t\t\n\n\t\t<\/div>\n\n\t\t\n\n\t\t<div class=\"section-content relative\">\n\t\t\t\n\n<div class=\"row row-collapse align-center\"  id=\"row-31577196\">\n\n\n\t<div id=\"col-1091455857\" class=\"col medium-8 small-12 large-8\"  >\n\t\t\t\t<div class=\"col-inner text-center\"  >\n\t\t\t\n\t\t\t\n\n<p>What would Vienna be without Hawelka, what would Hawelka be without its guests? And what would our country&#8217;s artists be without this space to think and discuss, inspire and enjoy?<\/p>\n\n\t\t<\/div>\n\t\t\t\t\n<style>\n#col-1091455857 > .col-inner {\n  padding: 0px 20px 0px 20px;\n}\n<\/style>\n\t<\/div>\n\n\t\n\n<\/div>\n\n\t\t<\/div>\n\n\t\t\n<style>\n#section_1022950125 {\n  padding-top: 0px;\n  padding-bottom: 0px;\n}\n<\/style>\n\t<\/section>\n\t\n\n\t<section class=\"section section-bottom-space .overlapping-img-left\" id=\"section_909600849\">\n\t\t<div class=\"section-bg fill\" >\n\t\t\t\t\t\t\t\t\t\n\t\t\t\n\n\t\t<\/div>\n\n\t\t\n\n\t\t<div class=\"section-content relative\">\n\t\t\t\n\n<div class=\"row row-collapse row-full-width\"  id=\"row-877575397\">\n\n\n\t<div id=\"col-66076658\" class=\"col medium-12 small-12 large-8\"  data-animate=\"fadeInLeft\">\n\t\t\t\t<div class=\"col-inner\"  >\n\t\t\t\n\t\t\t\n\n\n  <div class=\"banner has-hover\" id=\"banner-272284789\">\n          <div class=\"banner-inner fill\">\n        <div class=\"banner-bg fill\" >\n            <img loading=\"lazy\" decoding=\"async\" width=\"2560\" height=\"1999\" src=\"https:\/\/hawelka.at\/wp-content\/uploads\/2024\/03\/Bilder3-scaled.jpeg\" class=\"bg attachment-original size-original\" alt=\"\" \/>                                    \n                    <\/div>\n\t\t\n        <div class=\"banner-layers container\">\n            <div class=\"fill banner-link\"><\/div>            \n\n\n        <\/div>\n      <\/div>\n\n            \n<style>\n#banner-272284789 {\n  padding-top: 300px;\n  background-color: rgba(255, 255, 255, 0);\n}\n#banner-272284789 .banner-bg img {\n  object-position: 11% 5%;\n}\n@media (min-width:550px) {\n  #banner-272284789 {\n    padding-top: 56.25%;\n  }\n}\n<\/style>\n  <\/div>\n\n\n\n\t\t<\/div>\n\t\t\t\t\t<\/div>\n\n\t\n\n<\/div>\n<div class=\"row align-right\"  id=\"row-679653430\">\n\n\n\t<div id=\"col-144506094\" class=\"col medium-8 small-12 large-6\"  data-animate=\"fadeInRight\">\n\t\t\t\t<div class=\"col-inner box-shadow-3\"  >\n\t\t\t\n\t\t\t\n\n<div class=\"row row-collapse\"  id=\"row-91588481\">\n\n\n\t<div id=\"col-723121221\" class=\"col medium-12 small-12 large-12\"  >\n\t\t\t\t<div class=\"col-inner\" style=\"background-color:rgb(255, 255, 255);\" >\n\t\t\t\n\t\t\t\n\n<h3>Tradition has history<\/h3>\n<p>In 1936, Leopold and Josefine Hawelka began their joint career as caf\u00e9 owners with the lease of the &#8220;Caf\u00e9 Alt Wien&#8221; in B\u00e4ckerstra\u00dfe &#8211; 3 years later they took over the smaller &#8220;Caf\u00e9 Karl&#8221; (former Chatham Bar) in Dorotheergasse.<br \/>\nIn the 1950s, the Hawelka was regarded as a literary meeting place with an existentialist touch, where budding artists dreamed of fame and immortality.  When the Art Club became defunct, many migrated to the Hawelka &#8211; a group gathered around the young H.C. Artmann and admired his sense for the poetic, macabre and unconventional. <\/p>\n<p>In addition to the writers, the young painters also begin to take their seats in the Hawelka.<\/p>\n<a href=\"\/en\/history\" class=\"button primary is-outline\" style=\"border-radius:5px;\">\n\t\t<span>go to story<\/span>\n\t<\/a>\n\n\n\n\t\t<\/div>\n\t\t\t\t\n<style>\n#col-723121221 > .col-inner {\n  padding: 15px 20px 10px 20px;\n}\n@media (min-width:550px) {\n  #col-723121221 > .col-inner {\n    padding: 30px 30px 20px 30px;\n  }\n}\n@media (min-width:850px) {\n  #col-723121221 > .col-inner {\n    padding: 40px 40px 30px 40px;\n  }\n}\n<\/style>\n\t<\/div>\n\n\t\n\n<\/div>\n\n\t\t<\/div>\n\t\t\t\t\n<style>\n#col-144506094 > .col-inner {\n  margin: -50px 0px 0px 0px;\n}\n@media (min-width:550px) {\n  #col-144506094 > .col-inner {\n    margin: -100px 0px 0px 0px;\n  }\n}\n@media (min-width:850px) {\n  #col-144506094 > .col-inner {\n    margin: -350px 0px 0px 0px;\n  }\n}\n<\/style>\n\t<\/div>\n\n\t\n\n<\/div>\n\n\t\t<\/div>\n\n\t\t\n<style>\n#section_909600849 {\n  padding-top: 30px;\n  padding-bottom: 30px;\n}\n@media (min-width:550px) {\n  #section_909600849 {\n    padding-top: 0px;\n    padding-bottom: 0px;\n  }\n}\n<\/style>\n\t<\/section>\n\t\n\n\t<section class=\"section section-bottom-space .overlapping-img-right\" id=\"section_381197182\">\n\t\t<div class=\"section-bg fill\" >\n\t\t\t\t\t\t\t\t\t\n\t\t\t\n\n\t\t<\/div>\n\n\t\t\n\n\t\t<div class=\"section-content relative\">\n\t\t\t\n\n<div class=\"row row-collapse row-full-width align-bottom\"  id=\"row-233664873\">\n\n\n\t<div id=\"col-1001301493\" class=\"col medium-12 small-12 large-8\"  data-animate=\"fadeInRight\">\n\t\t\t\t<div class=\"col-inner\"  >\n\t\t\t\n\t\t\t\n\n\n  <div class=\"banner has-hover\" id=\"banner-1309903178\">\n          <div class=\"banner-inner fill\">\n        <div class=\"banner-bg fill\" >\n            <img loading=\"lazy\" decoding=\"async\" width=\"2370\" height=\"2560\" src=\"https:\/\/hawelka.at\/wp-content\/uploads\/2024\/03\/SCN_0004-scaled.jpg\" class=\"bg attachment-original size-original\" alt=\"\" \/>                                    \n                    <\/div>\n\t\t\n        <div class=\"banner-layers container\">\n            <div class=\"fill banner-link\"><\/div>            \n\n\n        <\/div>\n      <\/div>\n\n            \n<style>\n#banner-1309903178 {\n  padding-top: 300px;\n  background-color: rgba(255, 255, 255, 0);\n}\n#banner-1309903178 .banner-bg img {\n  object-position: 30% 1%;\n}\n@media (min-width:550px) {\n  #banner-1309903178 {\n    padding-top: 56.25%;\n  }\n}\n<\/style>\n  <\/div>\n\n\n\n\t\t<\/div>\n\t\t\t\t\n<style>\n#col-1001301493 > .col-inner {\n  margin: 0px 0px 0px 0px;\n}\n<\/style>\n\t<\/div>\n\n\t\n\n<\/div>\n<div class=\"row\"  id=\"row-1972114012\">\n\n\n\t<div id=\"col-1224790690\" class=\"col overlapping-column-right medium-8 small-12 large-6\"  data-animate=\"fadeInLeft\">\n\t\t\t\t<div class=\"col-inner box-shadow-3\"  >\n\t\t\t\n\t\t\t\n\n<div class=\"row row-collapse\"  id=\"row-1412921572\">\n\n\n\t<div id=\"col-627616966\" class=\"col medium-12 small-12 large-12\"  >\n\t\t\t\t<div class=\"col-inner\" style=\"background-color:rgb(255, 255, 255);\" >\n\t\t\t\n\t\t\t\n\n<h3>The great age of art &amp; literature<\/h3>\n<p>With Friedensreich Hundertwasser, Ernst Fuchs, Rudolf Hausner &#8211; to name but a few &#8211; the atmosphere of the quiet, smoky reading room is finally stormed by previously unknown youthful energy.<\/p>\n<p>During the sixties and seventies, Caf\u00e9 Hawelka represented everything that was fresh and active in the Viennese art scene. A fact that is also attracting more and more celebrities from abroad. Elias Canetti, Arthur Miller and Andy Warhol, for example &#8211; for Leopold Hawelka, the greats of art become simply nice guests as a matter of course.<\/p>\n\n\t\t<\/div>\n\t\t\t\t\n<style>\n#col-627616966 > .col-inner {\n  padding: 15px 20px 10px 20px;\n}\n@media (min-width:550px) {\n  #col-627616966 > .col-inner {\n    padding: 30px 30px 20px 30px;\n  }\n}\n@media (min-width:850px) {\n  #col-627616966 > .col-inner {\n    padding: 40px 40px 30px 40px;\n  }\n}\n<\/style>\n\t<\/div>\n\n\t\n\n<\/div>\n\n  <div class=\"banner has-hover\" id=\"banner-382290969\">\n          <div class=\"banner-inner fill\">\n        <div class=\"banner-bg fill\" >\n            <img loading=\"lazy\" decoding=\"async\" width=\"2370\" height=\"2560\" src=\"https:\/\/hawelka.at\/wp-content\/uploads\/2024\/03\/SCN_0004-scaled.jpg\" class=\"bg attachment-original size-original\" alt=\"\" \/>                                    \n                    <\/div>\n\t\t\n        <div class=\"banner-layers container\">\n            <div class=\"fill banner-link\"><\/div>            \n\n\n        <\/div>\n      <\/div>\n\n            \n<style>\n#banner-382290969 {\n  padding-top: 56.25%;\n}\n#banner-382290969 .banner-bg img {\n  object-position: 39% 100%;\n}\n<\/style>\n  <\/div>\n\n\n\n\t\t<\/div>\n\t\t\t\t\n<style>\n#col-1224790690 > .col-inner {\n  margin: -50px 0px 0px 0px;\n}\n@media (min-width:550px) {\n  #col-1224790690 > .col-inner {\n    margin: -100px 0px 0px 0px;\n  }\n}\n@media (min-width:850px) {\n  #col-1224790690 > .col-inner {\n    margin: -350px 0px 0px 0px;\n  }\n}\n<\/style>\n\t<\/div>\n\n\t\n\n<\/div>\n\n\t\t<\/div>\n\n\t\t\n<style>\n#section_381197182 {\n  padding-top: 30px;\n  padding-bottom: 30px;\n}\n@media (min-width:550px) {\n  #section_381197182 {\n    padding-top: 0px;\n    padding-bottom: 0px;\n  }\n}\n<\/style>\n\t<\/section>\n\t\n\n\t<section class=\"section section-bottom-space\" id=\"section_1286250834\">\n\t\t<div class=\"section-bg fill\" >\n\t\t\t\t\t\t\t\t\t\n\t\t\t\n\n\t\t<\/div>\n\n\t\t\n\n\t\t<div class=\"section-content relative\">\n\t\t\t\n\n<div class=\"row align-middle align-center\"  id=\"row-206961739\">\n\n\n\t<div id=\"col-1346558715\" class=\"col medium-8 small-12 large-8\"  >\n\t\t\t\t<div class=\"col-inner\"  >\n\t\t\t\n\t\t\t\n\n<div class=\"row row-collapse\"  id=\"row-4603793\">\n\n\n\t<div id=\"col-1315516389\" class=\"col medium-12 small-12 large-12\"  >\n\t\t\t\t<div class=\"col-inner box-shadow-3\" style=\"background-color:rgb(255, 255, 255);\" >\n\t\t\t\n\t\t\t\n\n<h3>Unforgettable celebrations &#8211; An anecdote from the coffee house<\/h3>\n<p>February 19, 1987. A very special day for Caf\u00e9 Hawelka. But it was also a special day for Falco. A big birthday party was to be held to mark his 30th birthday. And where would be a more suitable place to celebrate this party than his favorite hangout? Even before that, he enjoyed meeting up with his friends Georg Danzer, Reinhard Fendrich and Wolfgang Ambros in our &#8220;Kleinen Ecke&#8221;. On that day in February, not only was a 30-kilo cake served, but a magician was also hired to provide an unforgettable evening with his show.<\/p>\n<p>Even today, a glance at the ceiling brings back memories of the birthday party. During one of the magician&#8217;s card tricks, a playing card &#8211; the ace of hearts &#8211; was conjured up on the ceiling. How? This is still a great mystery to us today. The only thing that is clear is that she has been stuck to the ceiling since that evening. The only difference is that the ceiling and the menu are no longer white, but have taken on a nicotine-brown color due to the smoking that used to be common in coffee houses.<\/p>\n<p>However, this was not the magician&#8217;s last appearance at Hawelka. On his second visit, he immediately conjured up another playing card on the ceiling, which succumbed to the same nicotine-brown fate as its predecessor.<\/p>\n\n\t\t<\/div>\n\t\t\t\t\n<style>\n#col-1315516389 > .col-inner {\n  padding: 15px 20px 10px 20px;\n}\n@media (min-width:550px) {\n  #col-1315516389 > .col-inner {\n    padding: 30px 30px 20px 30px;\n  }\n}\n@media (min-width:850px) {\n  #col-1315516389 > .col-inner {\n    padding: 40px 40px 30px 40px;\n  }\n}\n<\/style>\n\t<\/div>\n\n\t\n\n<\/div>\n\n\t\t<\/div>\n\t\t\t\t\t<\/div>\n\n\t\n\n\t<div id=\"col-1414754356\" class=\"col medium-4 small-12 large-4 small-col-first\"  >\n\t\t\t\t<div class=\"col-inner\"  >\n\t\t\t\n\t\t\t\n\n\n  <div class=\"banner has-hover\" id=\"banner-1059973603\">\n          <div class=\"banner-inner fill\">\n        <div class=\"banner-bg fill\" >\n            <img loading=\"lazy\" decoding=\"async\" width=\"1920\" height=\"1280\" src=\"https:\/\/hawelka.at\/wp-content\/uploads\/2024\/04\/Falco-Hawelka.jpg\" class=\"bg attachment-original size-original\" alt=\"\" \/>                                    \n                    <\/div>\n\t\t\n        <div class=\"banner-layers container\">\n            <div class=\"fill banner-link\"><\/div>            \n\n\n        <\/div>\n      <\/div>\n\n            \n<style>\n#banner-1059973603 {\n  padding-top: 300px;\n  background-color: rgba(255, 255, 255, 0);\n}\n#banner-1059973603 .banner-bg img {\n  object-position: 20% 71%;\n}\n@media (min-width:550px) {\n  #banner-1059973603 {\n    padding-top: 150%;\n  }\n}\n<\/style>\n  <\/div>\n\n\n\n\t\t<\/div>\n\t\t\t\t\t<\/div>\n\n\t\n\n<\/div>\n\n\t\t<\/div>\n\n\t\t\n<style>\n#section_1286250834 {\n  padding-top: 0px;\n  padding-bottom: 0px;\n}\n<\/style>\n\t<\/section>\n\t\n\n\t<section class=\"section section-bottom-space\" id=\"section_248512968\">\n\t\t<div class=\"section-bg fill\" >\n\t\t\t\t\t\t\t\t\t\n\t\t\t\n\n\t\t<\/div>\n\n\t\t\n\n\t\t<div class=\"section-content relative\">\n\t\t\t\n\n<div class=\"row align-middle align-center\"  id=\"row-1126091047\">\n\n\n\t<div id=\"col-991794272\" class=\"col medium-4 small-12 large-4\"  >\n\t\t\t\t<div class=\"col-inner\"  >\n\t\t\t\n\t\t\t\n\n\n  <div class=\"banner has-hover\" id=\"banner-1310192479\">\n          <div class=\"banner-inner fill\">\n        <div class=\"banner-bg fill\" >\n            <img loading=\"lazy\" decoding=\"async\" width=\"676\" height=\"700\" src=\"https:\/\/hawelka.at\/wp-content\/uploads\/2024\/03\/georg-danzer.jpg\" class=\"bg attachment-original size-original\" alt=\"\" \/>                                    \n                    <\/div>\n\t\t\n        <div class=\"banner-layers container\">\n            <div class=\"fill banner-link\"><\/div>            \n\n\n        <\/div>\n      <\/div>\n\n            \n<style>\n#banner-1310192479 {\n  padding-top: 300px;\n  background-color: rgba(255, 255, 255, 0);\n}\n#banner-1310192479 .banner-bg img {\n  object-position: 43% 42%;\n}\n@media (min-width:550px) {\n  #banner-1310192479 {\n    padding-top: 150%;\n  }\n}\n<\/style>\n  <\/div>\n\n\n\n\t\t<\/div>\n\t\t\t\t\t<\/div>\n\n\t\n\n\t<div id=\"col-1160324680\" class=\"col medium-8 small-12 large-8\"  >\n\t\t\t\t<div class=\"col-inner\"  >\n\t\t\t\n\t\t\t\n\n<div class=\"row row-collapse\"  id=\"row-1027831743\">\n\n\n\t<div id=\"col-171664605\" class=\"col medium-12 small-12 large-12\"  >\n\t\t\t\t<div class=\"col-inner box-shadow-3\" style=\"background-color:rgb(255, 255, 255);\" >\n\t\t\t\n\t\t\t\n\n<h3>Sing me a song from Hawelka<\/h3>\n<p><em>&#8220;J\u00f6 schau, so a Sau, j\u00f6ssas na. was macht a Nackerter im Hawelka\u2026&#8221; Some of you may recognize this line from Georg Danzer&#8217;s song &#8220;J\u00f6 schau&#8221;. In 1975, he wrote about a streaker in Caf\u00e9 Hawelka and achieved great success with the song. But it didn&#8217;t immediately create a good atmosphere at Caf\u00e9 Hawelka.<\/em><\/p>\n<p><strong>A gathering of the greats<br \/><\/strong>Caf\u00e9 Hawelka has always been a meeting place for painters, musicians, philosophers and artists of all kinds. Georg Danzer also entered the Hawelka for the first time at the age of 16, and it not only became his regular caf\u00e9, but also a piece of home for him. The inspiration for the song was the reception of the guests in the coffee house. Georg Danzer was once again sitting at his regulars&#8217; table when he noticed that Josefine Hawelka greeted a guest in a very special way and even came running to the door to meet him. The then 25-year-old artist realized that he had never been greeted like this before and came to the conclusion that not everyone at Hawelka was the same. However, this particular guest was older than Josefine, which was also the reason why she treated him with particular respect. Nevertheless, this brief welcoming moment served as the decisive inspiration for &#8220;J\u00f6 schau&#8221;.<\/p>\n<p><strong>&#8220;Poidi, now we&#8217;re ruined!&#8221;<\/strong><br \/>The Hawelka couple were in a cab on their way home from Italy when they heard Georg Danzer&#8217;s song &#8220;J\u00f6 schau&#8221;, which tells of a naked man in their coffee house, on the radio for the first time. Josefine&#8217;s reaction was the simple exclamation &#8220;Poidi, now we&#8217;re ruined!&#8221; Leopold was also sure that a naked man in combination with the Hawelka would give him a bad reputation. But contrary to expectations, Caf\u00e9 Hawelka was carried out into the world even more through this song. Leopold and Josefine even acted in the music video themselves. The dialect, but also the content of the lyrics, made the song very popular. However, it was not only used for musical entertainment, many people were even motivated by the lyrics to engage in similar behavior. And so it was that after the appearance of &#8220;J\u00f6 schau&#8221;, a streaker whizzed through the coffee house from time to time.<\/p>\n\n\t\t<\/div>\n\t\t\t\t\n<style>\n#col-171664605 > .col-inner {\n  padding: 15px 20px 10px 20px;\n}\n@media (min-width:550px) {\n  #col-171664605 > .col-inner {\n    padding: 30px 30px 20px 30px;\n  }\n}\n@media (min-width:850px) {\n  #col-171664605 > .col-inner {\n    padding: 40px 40px 30px 40px;\n  }\n}\n<\/style>\n\t<\/div>\n\n\t\n\n<\/div>\n\n\t\t<\/div>\n\t\t\t\t\t<\/div>\n\n\t\n\n<\/div>\n\n\t\t<\/div>\n\n\t\t\n<style>\n#section_248512968 {\n  padding-top: 0px;\n  padding-bottom: 0px;\n}\n<\/style>\n\t<\/section>\n\t\n\n\t<section class=\"section section-bottom-space\" id=\"section_702224630\">\n\t\t<div class=\"section-bg fill\" >\n\t\t\t\t\t\t\t\t\t\n\t\t\t\n\n\t\t<\/div>\n\n\t\t\n\n\t\t<div class=\"section-content relative\">\n\t\t\t\n\n<div class=\"row align-center\"  id=\"row-1955469503\">\n\n\n\t<div id=\"col-544178576\" class=\"col small-12 large-12\"  >\n\t\t\t\t<div class=\"col-inner text-center\"  >\n\t\t\t\n\t\t\t\n\n<h3>An excerpt of well-known regular guests<\/h3>\n\n\t\t<\/div>\n\t\t\t\t\t<\/div>\n\n\t\n\n<\/div>\n<div class=\"row row-collapse align-center\"  id=\"row-1784000710\">\n\n\n\t<div id=\"col-2060265236\" class=\"col medium-9 small-12 large-9\"  >\n\t\t\t\t<div class=\"col-inner text-center\"  >\n\t\t\t\n\t<div class=\"is-border\"\n\t\tstyle=\"border-color:rgb(116, 67, 26);border-width:1px 1px 1px 1px;\">\n\t<\/div>\n\t\t\t\n\n<h5 class=\"frequenter\">Oskar Werner &#8211; Friedensreich Hundertwasser &#8211; Elias Canetti &#8211; Andre Heller Ernst Fuchs &#8211; Albert Paris G\u00fctersloh &#8211; Hilde Spiel &#8211; Heimito v. Doderer &#8211; H.C. Artmann &#8211; Conrad Beyer &#8211; Klaus Maria Brandauer &#8211; Udo J\u00fcrgens &#8211; Arik Brauer &#8211; Udo Spiel &#8211; Karl Korab &#8211; Wolfang Hutter &#8211; Alfred Hrdlicka &#8211; Kurt Moldovan &#8211; Andy Warhol &#8211; Gracia Patricia &#8211; Peter Ustinov &#8211; Hans Moser &#8211; Helmut Qualtinger &#8211; Anton Lehmen &#8211; Rudolf Hausner &#8211; and much more<\/h5>\n\n\t\t<\/div>\n\t\t\t\t\n<style>\n#col-2060265236 > .col-inner {\n  padding: 20px 20px 20px 20px;\n}\n<\/style>\n\t<\/div>\n\n\t\n\n<\/div>\n\n\t\t<\/div>\n\n\t\t\n<style>\n#section_702224630 {\n  padding-top: 0px;\n  padding-bottom: 0px;\n}\n<\/style>\n\t<\/section>\n\t\n\n","protected":false},"excerpt":{"rendered":"","protected":false},"author":1,"featured_media":0,"parent":4870,"menu_order":0,"comment_status":"closed","ping_status":"closed","template":"page-blank.php","meta":{"_acf_changed":false,"footnotes":""},"class_list":["post-5355","page","type-page","status-publish","hentry"],"acf":[],"_links":{"self":[{"href":"https:\/\/hawelka.at\/en\/wp-json\/wp\/v2\/pages\/5355","targetHints":{"allow":["GET"]}}],"collection":[{"href":"https:\/\/hawelka.at\/en\/wp-json\/wp\/v2\/pages"}],"about":[{"href":"https:\/\/hawelka.at\/en\/wp-json\/wp\/v2\/types\/page"}],"author":[{"embeddable":true,"href":"https:\/\/hawelka.at\/en\/wp-json\/wp\/v2\/users\/1"}],"replies":[{"embeddable":true,"href":"https:\/\/hawelka.at\/en\/wp-json\/wp\/v2\/comments?post=5355"}],"version-history":[{"count":25,"href":"https:\/\/hawelka.at\/en\/wp-json\/wp\/v2\/pages\/5355\/revisions"}],"predecessor-version":[{"id":5699,"href":"https:\/\/hawelka.at\/en\/wp-json\/wp\/v2\/pages\/5355\/revisions\/5699"}],"up":[{"embeddable":true,"href":"https:\/\/hawelka.at\/en\/wp-json\/wp\/v2\/pages\/4870"}],"wp:attachment":[{"href":"https:\/\/hawelka.at\/en\/wp-json\/wp\/v2\/media?parent=5355"}],"curies":[{"name":"wp","href":"https:\/\/api.w.org\/{rel}","templated":true}]}}